{"id":32,"date":"2024-04-03T17:43:35","date_gmt":"2024-04-03T17:43:35","guid":{"rendered":"https:\/\/sedaghat.abogadosnow.com\/?page_id=32"},"modified":"2025-02-28T20:52:42","modified_gmt":"2025-02-28T20:52:42","slug":"politica-de-privacidad","status":"publish","type":"page","link":"https:\/\/sedlawgroup.com\/es\/politica-de-privacidad\/","title":{"rendered":"Pol\u00edtica de Privacidad"},"content":{"rendered":"<div data-elementor-type=\"wp-page\" data-elementor-id=\"32\" class=\"elementor elementor-32\" data-elementor-post-type=\"page\">\n\t\t\t\t<div class=\"elementor-element elementor-element-4a7efde e-flex e-con-boxed e-con e-parent\" data-id=\"4a7efde\" data-element_type=\"container\" data-settings=\"{&quot;background_background&quot;:&quot;classic&quot;}\">\n\t\t\t\t\t<div class=\"e-con-inner\">\n\t\t\t\t<div class=\"elementor-element elementor-element-fe5f572 elementor-view-default elementor-widget elementor-widget-icon\" data-id=\"fe5f572\" data-element_type=\"widget\" data-widget_type=\"icon.default\">\n\t\t\t\t<div class=\"elementor-widget-container\">\n\t\t\t\t\t\t\t<div class=\"elementor-icon-wrapper\">\n\t\t\t<div class=\"elementor-icon\">\n\t\t\t<svg xmlns=\"http:\/\/www.w3.org\/2000\/svg\" width=\"57\" height=\"52\" viewbox=\"0 0 57 52\" fill=\"none\"><g clip-path=\"url(#clip0_2014_170)\"><path d=\"M16.3201 17.561C16.4003 15.8436 17.4253 14.4768 19.1367 13.6945C20.7945 12.9302 22.3633 13.2899 23.6913 14.5578C23.9052 14.7646 23.9944 14.7196 24.1726 14.5398C27.3814 11.2937 30.5901 8.04764 33.8167 4.81056C34.0039 4.62173 34.0306 4.45089 33.9861 4.2171C33.7098 2.67949 34.4317 1.17785 35.7955 0.440512C37.1414 -0.28783 38.826 -0.0900088 39.9223 1.007C42.5606 3.64162 45.19 6.29422 47.8016 8.95581C48.889 10.0618 49.0851 11.7433 48.3631 13.1191C47.6411 14.4858 46.1348 15.2232 44.5661 14.9354C44.3254 14.8905 44.1917 14.9444 44.0313 15.1063C42.6676 16.491 41.3038 17.8668 39.9312 19.2335C39.7173 19.4493 39.6727 19.5752 39.9223 19.791C40.2253 20.0518 40.4927 20.5373 40.7958 20.5643C41.1167 20.5823 41.3662 20.0698 41.6604 19.791C41.9278 19.5303 42.1684 19.2335 42.5873 19.2245C42.9439 19.2155 43.1934 19.4134 43.4341 19.6561C46.42 22.6774 49.4238 25.6987 52.4097 28.7199C52.6325 28.9447 52.7573 28.9897 53.0514 28.7919C54.1121 28.0546 55.565 28.2704 56.3939 29.2505C57.2317 30.2486 57.2496 31.7053 56.3404 32.6494C54.7093 34.3489 53.0514 36.0214 51.3668 37.6759C50.431 38.593 48.9335 38.575 47.962 37.7028C47.0083 36.8486 46.8211 35.3919 47.5609 34.3219C47.7303 34.0791 47.7213 33.9622 47.5074 33.7464C44.5126 30.7431 41.5356 27.7308 38.5496 24.7276C37.8812 24.0532 37.8812 23.6216 38.5496 22.9472C38.7992 22.6954 39.0488 22.4346 39.3073 22.1919C39.441 22.066 39.4677 21.976 39.3162 21.8412C39.0042 21.5444 38.7368 21.0409 38.3892 20.9779C38.0238 20.915 37.7653 21.4725 37.4622 21.7692C36.4372 22.7853 35.4211 23.8284 34.3961 24.8445C34.2178 25.0243 34.1911 25.1232 34.3694 25.339C35.8311 27.0654 35.6974 29.4213 34.1554 31.0758C32.6134 32.7303 30.5188 32.9281 28.9323 32.0469C28.549 31.8311 28.2192 31.5614 27.9162 31.2467C24.4757 27.7668 21.0263 24.2959 17.5858 20.8251C16.7479 19.9799 16.3379 18.9818 16.3201 17.561ZM42.4715 14.0542C42.4625 13.8384 42.3556 13.7934 42.2932 13.7215C39.9223 11.3297 37.5514 8.93783 35.1805 6.537C34.9933 6.34817 34.9131 6.36616 34.7348 6.54599C31.6508 9.66617 28.5668 12.7774 25.474 15.8885C25.3046 16.0594 25.2779 16.1583 25.4651 16.3381C27.8449 18.73 30.2158 21.1218 32.5867 23.5226C32.765 23.7025 32.863 23.6935 33.0413 23.5137C36.1253 20.3935 39.2092 17.2823 42.3021 14.1711C42.3645 14.1082 42.4536 14.0722 42.4715 14.0542ZM33.4959 28.0546C33.5048 27.3442 33.1928 26.7957 32.7115 26.3101C29.3334 22.9112 25.9642 19.5123 22.595 16.1133C21.3828 14.8905 20.1349 14.8994 18.9228 16.1403C17.9423 17.1474 17.9423 18.4962 18.9317 19.4943C22.3633 22.9562 25.7948 26.427 29.2353 29.8889C29.984 30.6442 30.9021 30.86 31.7934 30.4914C32.7471 30.0867 33.5048 29.0167 33.4959 28.0546ZM49.6199 36.444C49.8694 36.453 50.0388 36.3181 50.1992 36.1562C50.6805 35.6707 51.1618 35.1851 51.6432 34.6906C52.7127 33.6115 53.7912 32.5325 54.8519 31.4445C55.1906 31.0938 55.1906 30.7072 54.8876 30.4104C54.6023 30.1407 54.228 30.1586 53.8982 30.4734C53.7289 30.6352 53.5684 30.8151 53.3902 30.9769C52.9445 31.3995 52.4543 31.3995 52.0086 30.9859C51.7056 30.6982 51.4203 30.3924 51.1262 30.0957C48.372 27.3172 45.6178 24.5477 42.8815 21.7602C42.6497 21.5175 42.5339 21.5265 42.311 21.7692C41.7317 22.3897 41.1256 22.9921 40.5195 23.5766C40.3412 23.7564 40.3412 23.8553 40.5195 24.0262C41.2682 24.7545 41.9991 25.5009 42.7299 26.2472C44.985 28.5221 47.2489 30.7971 49.504 33.081C50.1992 33.7824 50.1992 34.205 49.5218 34.8974C49.3792 35.0502 49.2188 35.1851 49.094 35.356C48.9246 35.5807 48.9246 35.8325 49.0583 36.0753C49.1653 36.3091 49.3614 36.435 49.6199 36.444ZM45.1811 13.0921C45.903 13.0921 46.4289 12.7594 46.7498 12.112C47.0707 11.4556 46.937 10.7452 46.3754 10.1787C43.8174 7.58905 41.2504 5.00838 38.6833 2.42772C37.9792 1.71736 36.9542 1.71736 36.2946 2.39175C35.6172 3.07513 35.6083 4.09121 36.3124 4.80157C38.8794 7.40022 41.4554 9.98988 44.0224 12.5885C44.3432 12.9032 44.7176 13.0831 45.1811 13.0921Z\" fill=\"white\"><\/path><path d=\"M22.5148 51.9999C17.1668 51.9999 11.8278 51.9999 6.47991 51.9999C5.52619 51.9999 5.22314 51.7032 5.24097 50.7321C5.26771 49.1585 5.13401 47.5849 5.30336 46.0203C5.61532 43.2329 7.80797 40.9399 10.5711 40.5083C10.9187 40.4544 10.9633 40.3285 10.9633 40.0228C10.9633 39.2045 10.8919 38.3773 11.088 37.559C11.5872 35.5178 13.3431 34.1061 15.4199 34.1061C20.1439 34.0971 24.8679 34.0971 29.583 34.1061C32.0965 34.1061 34.0663 36.1023 34.0752 38.647C34.0752 39.1595 34.0841 39.6631 34.0752 40.1756C34.0752 40.3824 34.1376 40.4544 34.3426 40.4903C37.7296 41.1288 39.7886 43.6375 39.7975 47.1084C39.7975 48.3672 39.7975 49.6261 39.7975 50.8849C39.7975 51.6672 39.4588 51.9999 38.6833 51.9999C33.2908 51.9999 27.9073 51.9999 22.5148 51.9999ZM7.28209 45.7326C7.24644 45.8945 7.19296 46.0473 7.17514 46.2092C7.04144 47.2972 7.13057 48.3942 7.11274 49.4822C7.10383 50.1116 7.11274 50.1116 7.70993 50.1116C17.6125 50.1116 27.524 50.1116 37.4266 50.1116C37.489 50.1116 37.5425 50.1026 37.6048 50.1116C37.8633 50.1476 37.9346 50.0397 37.9257 49.7879C37.9168 48.7539 37.9257 47.7198 37.9168 46.6857C37.9168 46.362 37.8901 46.0293 37.7475 45.7236C37.4355 43.8803 35.5192 42.3067 33.4869 42.3067C26.1692 42.2977 18.8514 42.2887 11.5337 42.3067C9.5104 42.3067 7.65645 43.8353 7.28209 45.7326ZM22.4791 40.4094C25.5809 40.4094 28.6827 40.4004 31.7845 40.4184C32.15 40.4184 32.2391 40.3105 32.2213 39.9688C32.1945 39.5102 32.2213 39.0426 32.2123 38.5751C32.1678 37.1454 31.0447 36.0034 29.6453 36.0034C24.8946 35.9944 20.1439 35.9944 15.3931 36.0034C14.0829 36.0034 12.9955 37.0105 12.8707 38.3233C12.8172 38.8718 12.8618 39.4293 12.8261 39.9868C12.7994 40.3465 12.9242 40.4274 13.2718 40.4274C16.3379 40.4004 19.4041 40.4094 22.4791 40.4094Z\" fill=\"white\"><\/path><path d=\"M13.9581 24.9434C13.9581 25.9955 13.0222 26.6339 11.9615 26.3102C8.51212 25.2312 5.05379 24.1522 1.60438 23.0731C1.11415 22.9203 0.588272 22.8303 0.267396 22.3448C-0.0713061 21.8412 -0.0980457 21.1938 0.240656 20.6993C0.588272 20.1867 1.09632 19.917 1.70242 20.0788C2.78984 20.3666 3.85942 20.7262 4.93792 21.0589C7.5584 21.8682 10.1789 22.6865 12.7905 23.5047C13.5481 23.7385 13.9492 24.2331 13.9581 24.9434Z\" fill=\"#C39F72\"><\/path><path d=\"M1.6846 36.9925C0.99828 36.9835 0.436747 36.5429 0.258483 35.9224C0.0802189 35.284 0.365442 34.5916 0.980453 34.241C2.13917 33.5935 3.29789 32.9731 4.46552 32.3347C6.65817 31.1388 8.85082 29.9518 11.0435 28.7559C12.0507 28.2074 13.0935 28.693 13.2807 29.799C13.3787 30.4014 13.0757 30.9769 12.4607 31.3096C10.268 32.5055 8.07537 33.7014 5.88272 34.8974C4.724 35.5268 3.55637 36.1652 2.39765 36.7946C2.16591 36.9205 1.91634 37.0105 1.6846 36.9925Z\" fill=\"#C39F72\"><\/path><path d=\"M14.9831 22.1559C14.0294 22.1649 13.6194 21.8232 13.3342 21.2837C11.6941 18.0916 10.0541 14.9084 8.42299 11.7163C8.2982 11.4735 8.1645 11.2397 8.04863 10.997C7.70993 10.2686 7.96841 9.4144 8.6369 9.05472C9.36779 8.66807 10.2324 8.91085 10.6246 9.66617C11.917 12.1569 13.2005 14.6567 14.484 17.1564C14.9831 18.1275 15.4912 19.0897 15.9636 20.0698C16.4538 21.0679 15.7675 22.1559 14.9831 22.1559Z\" fill=\"#C39F72\"><\/path><path d=\"M37.7475 45.7236C37.8901 46.0293 37.9079 46.362 37.9168 46.6857C37.9257 47.7198 37.9168 48.7539 37.9257 49.7879C37.9257 50.0397 37.8633 50.1566 37.6048 50.1116C37.5425 50.1026 37.489 50.1116 37.4266 50.1116C27.524 50.1116 17.6125 50.1116 7.70993 50.1116C7.11275 50.1116 7.09492 50.1116 7.11275 49.4822C7.13057 48.3852 7.04144 47.2972 7.16622 46.2092C7.18405 46.0473 7.23753 45.8944 7.27318 45.7326C7.40688 45.7236 7.54058 45.7146 7.67428 45.7146C15.4377 45.7146 23.21 45.7146 30.9734 45.7146C33.2374 45.7146 35.4924 45.7236 37.7475 45.7236Z\" fill=\"#C39F72\"><\/path><path d=\"M28.6203 18.2894C28.2103 18.2894 27.9073 18.1006 27.7468 17.7139C27.5864 17.3183 27.6666 16.9586 27.9786 16.6439C29.1462 15.475 30.3049 14.297 31.4726 13.1281C32.5956 11.9951 33.7098 10.8621 34.8418 9.73814C35.225 9.35149 35.6974 9.31552 36.0896 9.59427C36.455 9.85503 36.5887 10.3496 36.3927 10.7542C36.3213 10.8981 36.2055 11.024 36.0985 11.1409C33.8702 13.3978 31.633 15.6458 29.3958 17.9028C29.1819 18.1186 28.9501 18.2984 28.6203 18.2894Z\" fill=\"white\"><\/path><path d=\"M31.7489 20.7352C31.2676 20.7262 30.9734 20.5374 30.8219 20.1777C30.6436 19.7641 30.7506 19.3864 31.0625 19.0717C31.9895 18.1366 32.9076 17.2104 33.8346 16.2752C35.1894 14.9085 36.5442 13.5417 37.899 12.1749C38.2377 11.8422 38.6655 11.7703 39.0399 11.9681C39.4053 12.157 39.5925 12.5616 39.5212 12.9932C39.4855 13.209 39.3607 13.3799 39.2181 13.5237C36.9542 15.8167 34.6813 18.1006 32.4174 20.3935C32.2124 20.6003 31.9717 20.7442 31.7489 20.7352Z\" fill=\"white\"><\/path><\/g><defs><clippath id=\"clip0_2014_170\"><rect width=\"57\" height=\"52\" fill=\"white\"><\/rect><\/clippath><\/defs><\/svg>\t\t\t<\/div>\n\t\t<\/div>\n\t\t\t\t\t\t<\/div>\n\t\t\t\t<\/div>\n\t\t\t\t<div class=\"elementor-element elementor-element-a014f62 elementor-widget elementor-widget-heading\" data-id=\"a014f62\" data-element_type=\"widget\" data-widget_type=\"heading.default\">\n\t\t\t\t<div class=\"elementor-widget-container\">\n\t\t\t\t\t<h2 class=\"elementor-heading-title elementor-size-default\">Pol\u00edtica de Privacidad<\/h2>\t\t\t\t<\/div>\n\t\t\t\t<\/div>\n\t\t\t\t\t<\/div>\n\t\t\t\t<\/div>\n\t\t<div class=\"elementor-element elementor-element-8718d1b e-flex e-con-boxed e-con e-parent\" data-id=\"8718d1b\" data-element_type=\"container\">\n\t\t\t\t\t<div class=\"e-con-inner\">\n\t\t\t\t<div class=\"elementor-element elementor-element-631e4db elementor-widget elementor-widget-text-editor\" data-id=\"631e4db\" data-element_type=\"widget\" data-no-translation=\"\" data-widget_type=\"text-editor.default\">\n\t\t\t\t<div class=\"elementor-widget-container\">\n\t\t\t\t\t<style>.elementor-element-631e4db{display:none !important}<\/style>\t\t\t\t<\/div>\n\t\t\t\t<\/div>\n\t\t\t\t<div class=\"elementor-element elementor-element-6405545 elementor-widget elementor-widget-text-editor\" data-id=\"6405545\" data-element_type=\"widget\" data-no-translation=\"\" data-widget_type=\"text-editor.default\">\n\t\t\t\t<div class=\"elementor-widget-container\">\n\t\t\t\t\t\t\t\t\t<p><strong>\u00bfQu\u00e9 Informaci\u00f3n Recopilamos?<\/strong><\/p><p>Recopilamos informaci\u00f3n sobre usted cuando se registra en nuestro sitio o completa un formulario.<\/p><p>Al registrarse en este sitio, seg\u00fan corresponda, se le puede solicitar que ingrese su: nombre, direcci\u00f3n de correo electr\u00f3nico, n\u00famero de tel\u00e9fono u otra informaci\u00f3n. Sin embargo, puede visitar nuestro sitio de forma an\u00f3nima.<\/p><p>Google, como proveedor externo, utiliza cookies para publicar anuncios en este sitio. El uso de Google de la cookie de DART le permite publicar anuncios a sus usuarios en funci\u00f3n de su visita a sus sitios y otros sitios en Internet. Los usuarios pueden optar por no usar la cookie de DART visitando la pol\u00edtica de privacidad de la red de contenido y anuncios de Google.<\/p><p><strong>\u00bfPara Qu\u00e9 Utilizamos su Informaci\u00f3n?<\/strong><\/p><p>Cualquier informaci\u00f3n que recopilemos de usted puede usarse de una de las siguientes maneras:<\/p><ul><li aria-level=\"1\">Para personalizar su experiencia (su informaci\u00f3n nos ayuda a responder mejor a sus necesidades individuales)<\/li><li aria-level=\"1\">Para mejorar nuestro sitio web (nos esforzamos continuamente por mejorar las ofertas de nuestro sitio web en funci\u00f3n de la informaci\u00f3n y los comentarios que recibimos de usted)<\/li><li aria-level=\"1\">Para mejorar el servicio al cliente (su informaci\u00f3n nos ayuda a responder de manera m\u00e1s efectiva a sus solicitudes de servicio al cliente y necesidades de soporte)<\/li><\/ul><p><strong>\u00bfC\u00f3mo Protegemos tu Informaci\u00f3n?<\/strong><\/p><p>Implementamos una variedad de medidas de seguridad para mantener la seguridad de su informaci\u00f3n personal cuando accede a su informaci\u00f3n personal.<\/p><p>Ofrecemos el uso de un servidor seguro. Toda la informaci\u00f3n confidencial \/ crediticia suministrada se transmite a trav\u00e9s de la tecnolog\u00eda Secure Socket Layer (SSL) y luego se encripta en nuestra Base de Datos para que solo tengan acceso aquellos autorizados con derechos especiales de acceso a nuestros sistemas, y est\u00e1n obligados a mantener la informaci\u00f3n confidencial.<\/p><p>Despu\u00e9s de una transacci\u00f3n, su informaci\u00f3n privada (tarjetas de cr\u00e9dito, n\u00fameros de seguro social, finanzas, etc.) no se mantendr\u00e1 en archivo por m\u00e1s de 60 d\u00edas.<\/p><p><strong>\u00bfUsamos Cookies?<\/strong><\/p><p>S\u00ed (las cookies son peque\u00f1os archivos que un sitio o su proveedor de servicios transfiere al disco duro de su computadora a trav\u00e9s de su navegador web (si lo permite) que permite a los sitios o sistemas de proveedores de servicios reconocer su navegador y capturar y recordar cierta informaci\u00f3n.<\/p><p>Utilizamos cookies para comprender y guardar sus preferencias para futuras visitas.<\/p><p><strong>\u00bfDivulgamos Alguna Informaci\u00f3n a Terceros?<\/strong><\/p><p>No vendemos, intercambiamos ni transferimos a terceros su informaci\u00f3n de identificaci\u00f3n personal. Esto no incluye a terceros de confianza que nos ayudan a operar nuestro sitio web, realizar nuestro negocio o brindarle servicios, siempre que esas partes acuerden mantener la confidencialidad de esta informaci\u00f3n. Tambi\u00e9n podemos divulgar su informaci\u00f3n cuando creamos que la divulgaci\u00f3n es apropiada para cumplir con la ley, hacer cumplir las pol\u00edticas de nuestro sitio o proteger nuestros derechos u otros, propiedad o seguridad. Sin embargo, la informaci\u00f3n del visitante no identificable personalmente se puede proporcionar a otras partes para fines de marketing, publicidad u otros usos.<\/p><p><strong>Enlaces de Terceros<\/strong><\/p><p>Ocasionalmente, a nuestro criterio, podemos incluir u ofrecer productos o servicios de terceros en nuestro sitio web. Estos sitios de terceros tienen pol\u00edticas de privacidad separadas e independientes. Por lo tanto, no tenemos responsabilidad u obligaci\u00f3n por el contenido y las actividades de estos sitios vinculados. No obstante, buscamos proteger la integridad de nuestro sitio y agradecemos cualquier comentario sobre estos sitios.<\/p><p>Mensajer\u00eda de Texto SMS y Comunicaciones:<\/p><p>Los clientes o usuarios pueden visitar nuestro sitio web\u00a0<a href=\"https:\/\/sedlawgroup.com\/\" rel=\"noopener\">www.sedlawgroup.com<\/a>\u00a0y encontrar\u00e1n las palabras clave que pueden enviar para optar por recibir mensajes de texto de nuestra parte.<\/p><p>Al proporcionar tu n\u00famero de tel\u00e9fono m\u00f3vil, aceptas recibir mensajes de texto de Grupo Legal Sedaghat, con fines de comunicaci\u00f3n entre clientes, usuarios y empleados, recordatorios de citas, actualizaciones y respuestas a tus consultas sobre marketing, promociones, novedades y comunicaciones generales.<\/p><p>Grupo Legal Sedaghat utiliza SMS para facilitar la comunicaci\u00f3n entre clientes y empleados, incluyendo mensajes conversacionales, actualizaciones y comunicaciones generales. Los usuarios pueden suscribirse a los mensajes de texto enviando las palabras clave JOIN o SUBSCRIBE. La frecuencia de los mensajes puede variar, con un promedio de 5 a 10 mensajes por semana. Pueden aplicarse tarifas de mensajer\u00eda y datos. Para obtener asistencia, env\u00edeaHELP o INFO. Para dejar de recibir mensajes, env\u00eda STOP o UNSUBSCRIBE.<\/p><p>El aviso de suscripci\u00f3n mediante palabras clave se muestra en el sitio web:<br \/>&#8220;Al enviar un mensaje de texto desde su dispositivo m\u00f3vil con la palabra clave JOIN o START al\u00a0<a href=\"tel:+14247770078\" target=\"_blank\" rel=\"noopener\">424-777-0078<\/a>, aceptar\u00e1s recibir mensajes SMS.&#8221;<\/p><p>La frecuencia de los mensajes var\u00eda seg\u00fan las necesidades de comunicaci\u00f3n; los usuarios pueden esperar recibir mensajes semanalmente. Pueden aplicarse tarifas de mensajer\u00eda y datos. No compartiremos tu informaci\u00f3n m\u00f3vil con terceros. No compartimos informaci\u00f3n m\u00f3vil con terceros con fines de marketing.<\/p><p>Tienes derecho a optar por no recibir mensajes SMS en cualquier momento. Para cancelar la suscripci\u00f3n, responde STOP a cualquier mensaje que recibas de nosotros o comun\u00edcate con nuestro equipo de servicio al cliente para obtener ayuda. Puedes responder STOP para darte de baja en cualquier momento o HELP para asistencia.<\/p><p><strong>Cumplimiento de la Ley de Protecci\u00f3n de Privacidad en L\u00ednea de California<\/strong><\/p><p>Debido a que valoramos su privacidad, hemos tomado las precauciones necesarias para cumplir con la Ley de Protecci\u00f3n de Privacidad en L\u00ednea de California. Por lo tanto, no distribuiremos su informaci\u00f3n personal a terceros sin su consentimiento.<\/p><p>Como parte de la Ley de Protecci\u00f3n de Privacidad en L\u00ednea de California, todos los usuarios de nuestro sitio pueden realizar cambios en su informaci\u00f3n en cualquier momento iniciando sesi\u00f3n en su panel de control y yendo a la p\u00e1gina &#8220;Editar perfil&#8221;.<\/p><p><strong>Cumplimiento de la Ley de Protecci\u00f3n de la Privacidad en L\u00ednea Para Ni\u00f1os<\/strong><\/p><p>Cumplimos con los requisitos de la COPPA (Ley de protecci\u00f3n de privacidad en l\u00ednea para ni\u00f1os), no recopilamos ninguna informaci\u00f3n de ninguna persona menor de 13 a\u00f1os. Nuestro sitio web, productos y servicios est\u00e1n dirigidos a personas que tienen al menos 13 a\u00f1os de edad o m\u00e1s.<\/p><p><strong>Pol\u00edtica de Privacidad en L\u00ednea Solamente<\/strong><\/p><p>Esta pol\u00edtica de privacidad en l\u00ednea se aplica s\u00f3lo a la informaci\u00f3n recopilada a trav\u00e9s de nuestro sitio web y no a la informaci\u00f3n recopilada sin conexi\u00f3n.<\/p><p><strong>T\u00e9rminos y Condiciones<\/strong><\/p><p>Visite tambi\u00e9n nuestra secci\u00f3n de t\u00e9rminos y condiciones que establece el uso, renuncias y limitaciones de responsabilidad que rigen el uso de nuestro sitio web.<\/p><p><strong>Tu Consentimiento<\/strong><\/p><p>Al usar nuestro sitio, usted acepta la pol\u00edtica de privacidad de nuestros sitios web.<\/p><p><strong>Cambios a Nuestra Pol\u00edtica de Privacidad<\/strong><\/p><p>Si decidimos cambiar nuestra pol\u00edtica de privacidad, publicaremos esos cambios en esta p\u00e1gina.<\/p>\t\t\t\t\t\t\t\t<\/div>\n\t\t\t\t<\/div>\n\t\t\t\t\t<\/div>\n\t\t\t\t<\/div>\n\t\t\t\t<\/div>","protected":false},"excerpt":{"rendered":"<p>Privacy Policy What information do we collect? We collect information from you when you register on our site or fill out a form. When registering on this site, as appropriate, you may be asked to enter your: name, e-mail address, phone number or other information. You may, however, visit our site anonymously. Google, as a [&hellip;]<\/p>","protected":false},"author":1,"featured_media":0,"parent":0,"menu_order":0,"comment_status":"closed","ping_status":"closed","template":"","meta":{"_acf_changed":false,"footnotes":""},"class_list":["post-32","page","type-page","status-publish","hentry"],"acf":[],"_links":{"self":[{"href":"https:\/\/sedlawgroup.com\/es\/wp-json\/wp\/v2\/pages\/32","targetHints":{"allow":["GET"]}}],"collection":[{"href":"https:\/\/sedlawgroup.com\/es\/wp-json\/wp\/v2\/pages"}],"about":[{"href":"https:\/\/sedlawgroup.com\/es\/wp-json\/wp\/v2\/types\/page"}],"author":[{"embeddable":true,"href":"https:\/\/sedlawgroup.com\/es\/wp-json\/wp\/v2\/users\/1"}],"replies":[{"embeddable":true,"href":"https:\/\/sedlawgroup.com\/es\/wp-json\/wp\/v2\/comments?post=32"}],"version-history":[{"count":0,"href":"https:\/\/sedlawgroup.com\/es\/wp-json\/wp\/v2\/pages\/32\/revisions"}],"wp:attachment":[{"href":"https:\/\/sedlawgroup.com\/es\/wp-json\/wp\/v2\/media?parent=32"}],"curies":[{"name":"wp","href":"https:\/\/api.w.org\/{rel}","templated":true}]}}